{"id":323,"date":"2025-09-30T11:17:11","date_gmt":"2025-09-30T09:17:11","guid":{"rendered":"https:\/\/somossosteniblescoop.com\/edicion2\/?page_id=323"},"modified":"2026-02-25T15:44:37","modified_gmt":"2026-02-25T14:44:37","slug":"actualidad","status":"publish","type":"page","link":"https:\/\/somossosteniblescoop.com\/edicion2\/actualidad\/","title":{"rendered":"Actualidad"},"content":{"rendered":"<p>[et_pb_section fb_built=\u00bb1&#8243; admin_label=\u00bbHeader\u00bb _builder_version=\u00bb4.27.4&#8243; background_color=\u00bbrgba(0,0,0,0.04)\u00bb background_image=\u00bbhttps:\/\/somossosteniblescoop.com\/edicion2\/wp-content\/uploads\/2025\/09\/fONDO1.png\u00bb background_size=\u00bbcontain\u00bb background_position=\u00bbbottom_left\u00bb custom_padding=\u00bb2.7%|0px|4.1%|0px||\u00bb animation_style=\u00bbzoom\u00bb animation_direction=\u00bbbottom\u00bb animation_intensity_zoom=\u00bb8%\u00bb animation_starting_opacity=\u00bb100%\u00bb global_colors_info=\u00bb{}\u00bb][et_pb_row _builder_version=\u00bb4.16&#8243; custom_margin=\u00bb-3px|auto||auto||\u00bb global_colors_info=\u00bb{}\u00bb][et_pb_column type=\u00bb4_4&#8243; _builder_version=\u00bb4.16&#8243; custom_padding=\u00bb|||\u00bb global_colors_info=\u00bb{}\u00bb custom_padding__hover=\u00bb|||\u00bb][et_pb_text _builder_version=\u00bb4.27.4&#8243; text_font=\u00bb||||||||\u00bb text_text_color=\u00bb#3a3a3a\u00bb text_font_size=\u00bb16px\u00bb text_line_height=\u00bb1.8em\u00bb header_font=\u00bb|700|||||||\u00bb header_text_color=\u00bb#2d2d2d\u00bb header_font_size=\u00bb45px\u00bb header_line_height=\u00bb1.3em\u00bb header_2_font=\u00bb||||||||\u00bb text_orientation=\u00bbcenter\u00bb background_layout=\u00bbdark\u00bb max_width=\u00bb700px\u00bb module_alignment=\u00bbcenter\u00bb global_colors_info=\u00bb{}\u00bb]<\/p>\n<h1>Actualidad<\/h1>\n<p>Aqu\u00ed podr\u00e1s seguir todas las actualizaciones y acciones realizadas por el equipo para la consecuci\u00f3n de los objetivos del proyecto\u00a0sosmossostenibles.coop\u00a0<\/p>\n<p>[\/et_pb_text][\/et_pb_column][\/et_pb_row][\/et_pb_section][et_pb_section fb_built=\u00bb1&#8243; admin_label=\u00bbPerks &#038; Benefits\u00bb _builder_version=\u00bb4.27.4&#8243; background_color=\u00bbrgba(0,0,0,0)\u00bb custom_padding=\u00bb100px|0px|100px|0px\u00bb global_colors_info=\u00bb{}\u00bb][et_pb_row column_structure=\u00bb3_4,1_4&#8243; _builder_version=\u00bb4.27.4&#8243; _module_preset=\u00bbdefault\u00bb custom_padding=\u00bb3px|||||\u00bb locked=\u00bboff\u00bb global_colors_info=\u00bb{}\u00bb][et_pb_column type=\u00bb3_4&#8243; _builder_version=\u00bb4.27.4&#8243; _module_preset=\u00bbdefault\u00bb custom_padding=\u00bb|25px|||false|false\u00bb border_width_right=\u00bb1px\u00bb border_color_right=\u00bbrgba(0,0,0,0.14)\u00bb global_colors_info=\u00bb{}\u00bb][et_pb_blog fullwidth=\u00bboff\u00bb posts_number=\u00bb6&#8243; show_more=\u00bbon\u00bb show_author=\u00bboff\u00bb _builder_version=\u00bb4.27.5&#8243; _module_preset=\u00bbdefault\u00bb header_font=\u00bb|700|||||||\u00bb header_font_size=\u00bb20px\u00bb header_line_height=\u00bb1.2em\u00bb body_text_color=\u00bb#444444&#8243; body_font_size=\u00bb16px\u00bb body_line_height=\u00bb1.4em\u00bb meta_font=\u00bb|600|on||||||\u00bb meta_text_color=\u00bb#afafaf\u00bb read_more_text_color=\u00bb#8300E9&#8243; hover_enabled=\u00bb0&#8243; border_radii=\u00bbon|10px|10px|10px|10px\u00bb border_width_all=\u00bb0px\u00bb box_shadow_style=\u00bbpreset3&#8243; box_shadow_blur=\u00bb40px\u00bb global_colors_info=\u00bb{}\u00bb sticky_enabled=\u00bb0&#8243;][\/et_pb_blog][\/et_pb_column][et_pb_column type=\u00bb1_4&#8243; _builder_version=\u00bb4.27.4&#8243; _module_preset=\u00bbdefault\u00bb global_colors_info=\u00bb{}\u00bb][et_pb_search button_color=\u00bb#0C71C3&#8243; _builder_version=\u00bb4.27.4&#8243; _module_preset=\u00bbdefault\u00bb button_text_color=\u00bb#FFFFFF\u00bb background_color=\u00bbRGBA(255,255,255,0)\u00bb custom_margin=\u00bb||33px||false|false\u00bb border_radii=\u00bbon|5px|5px|5px|5px\u00bb border_color_all=\u00bb#0C71C3&#8243; global_colors_info=\u00bb{}\u00bb][\/et_pb_search][et_pb_text _builder_version=\u00bb4.27.4&#8243; _module_preset=\u00bbdefault\u00bb header_3_font=\u00bb|600||on|||||\u00bb header_3_font_size=\u00bb18px\u00bb custom_margin=\u00bb||6px|||\u00bb border_width_bottom=\u00bb1px\u00bb border_color_bottom=\u00bbrgba(12,113,195,0.22)\u00bb global_colors_info=\u00bb{}\u00bb]<\/p>\n<h3>CATEGOR\u00cdAS<\/h3>\n<p>[\/et_pb_text][et_pb_text _builder_version=\u00bb4.27.4&#8243; _module_preset=\u00bbdefault\u00bb custom_margin=\u00bb||20px|||\u00bb global_colors_info=\u00bb{}\u00bb]<a href=\"https:\/\/somossosteniblescoop.com\/edicion2\/category\/articulos\/\">ART\u00cdCULOS<\/a><\/p>\n<p><a href=\"https:\/\/somossosteniblescoop.com\/edicion2\/category\/coordinacion\/\">COORDINACI\u00d3N<\/a><\/p>\n<p><a href=\"https:\/\/somossosteniblescoop.com\/edicion2\/category\/divulgacion\/\">DIVULGACI\u00d3N<\/a><\/p>\n<p><a href=\"https:\/\/somossosteniblescoop.com\/edicion2\/category\/actuaciones\/\">ACTUACIONES COOPERATIVAS<\/a>[\/et_pb_text][et_pb_divider color=\u00bbrgba(0,135,193,0.27)\u00bb divider_position=\u00bbcenter\u00bb _builder_version=\u00bb4.27.4&#8243; _module_preset=\u00bbdefault\u00bb custom_margin=\u00bb15px||19px|||\u00bb global_colors_info=\u00bb{}\u00bb][\/et_pb_divider][\/et_pb_column][\/et_pb_row][\/et_pb_section]<\/p>\n","protected":false},"excerpt":{"rendered":"<p>Actualidad Aqu\u00ed podr\u00e1s seguir todas las actualizaciones y acciones realizadas por el equipo para la consecuci\u00f3n de los objetivos del proyecto\u00a0sosmossostenibles.coop\u00a0CATEGOR\u00cdASART\u00cdCULOS COORDINACI\u00d3N DIVULGACI\u00d3N ACTUACIONES COOPERATIVAS<\/p>\n","protected":false},"author":2,"featured_media":0,"parent":0,"menu_order":0,"comment_status":"closed","ping_status":"closed","template":"","meta":{"_et_pb_use_builder":"on","_et_pb_old_content":"","_et_gb_content_width":"","footnotes":""},"class_list":["post-323","page","type-page","status-publish","hentry"],"_links":{"self":[{"href":"https:\/\/somossosteniblescoop.com\/edicion2\/wp-json\/wp\/v2\/pages\/323","targetHints":{"allow":["GET"]}}],"collection":[{"href":"https:\/\/somossosteniblescoop.com\/edicion2\/wp-json\/wp\/v2\/pages"}],"about":[{"href":"https:\/\/somossosteniblescoop.com\/edicion2\/wp-json\/wp\/v2\/types\/page"}],"author":[{"embeddable":true,"href":"https:\/\/somossosteniblescoop.com\/edicion2\/wp-json\/wp\/v2\/users\/2"}],"replies":[{"embeddable":true,"href":"https:\/\/somossosteniblescoop.com\/edicion2\/wp-json\/wp\/v2\/comments?post=323"}],"version-history":[{"count":5,"href":"https:\/\/somossosteniblescoop.com\/edicion2\/wp-json\/wp\/v2\/pages\/323\/revisions"}],"predecessor-version":[{"id":749,"href":"https:\/\/somossosteniblescoop.com\/edicion2\/wp-json\/wp\/v2\/pages\/323\/revisions\/749"}],"wp:attachment":[{"href":"https:\/\/somossosteniblescoop.com\/edicion2\/wp-json\/wp\/v2\/media?parent=323"}],"curies":[{"name":"wp","href":"https:\/\/api.w.org\/{rel}","templated":true}]}}