{"id":249,"date":"2025-09-29T12:57:44","date_gmt":"2025-09-29T10:57:44","guid":{"rendered":"https:\/\/somossosteniblescoop.com\/edicion2\/?page_id=249"},"modified":"2025-10-07T09:51:16","modified_gmt":"2025-10-07T07:51:16","slug":"planes-de-valor-social-cooperativo","status":"publish","type":"page","link":"https:\/\/somossosteniblescoop.com\/edicion2\/planes-de-valor-social-cooperativo\/","title":{"rendered":"Planes de Valor Social Cooperativo"},"content":{"rendered":"<p>[et_pb_section fb_built=\u00bb1&#8243; admin_label=\u00bbHeader\u00bb _builder_version=\u00bb4.27.4&#8243; background_color=\u00bbrgba(0,0,0,0.04)\u00bb background_image=\u00bbhttps:\/\/somossosteniblescoop.com\/edicion2\/wp-content\/uploads\/2025\/09\/fONDO1.png\u00bb background_size=\u00bbcontain\u00bb background_position=\u00bbbottom_left\u00bb custom_padding=\u00bb2.7%|0px|4.1%|0px||\u00bb animation_style=\u00bbzoom\u00bb animation_direction=\u00bbbottom\u00bb animation_intensity_zoom=\u00bb8%\u00bb animation_starting_opacity=\u00bb100%\u00bb locked=\u00bboff\u00bb global_colors_info=\u00bb{}\u00bb][et_pb_row _builder_version=\u00bb4.16&#8243; custom_margin=\u00bb-3px|auto||auto||\u00bb global_colors_info=\u00bb{}\u00bb][et_pb_column type=\u00bb4_4&#8243; _builder_version=\u00bb4.16&#8243; custom_padding=\u00bb|||\u00bb global_colors_info=\u00bb{}\u00bb custom_padding__hover=\u00bb|||\u00bb][et_pb_text _builder_version=\u00bb4.27.4&#8243; text_font=\u00bb||||||||\u00bb text_text_color=\u00bb#3a3a3a\u00bb text_font_size=\u00bb16px\u00bb text_line_height=\u00bb1.8em\u00bb header_font=\u00bb|700|||||||\u00bb header_text_color=\u00bb#2d2d2d\u00bb header_font_size=\u00bb45px\u00bb header_line_height=\u00bb1.3em\u00bb header_2_font=\u00bb||||||||\u00bb text_orientation=\u00bbcenter\u00bb background_layout=\u00bbdark\u00bb max_width=\u00bb850px\u00bb module_alignment=\u00bbcenter\u00bb header_font_size_tablet=\u00bb35px\u00bb header_font_size_phone=\u00bb25px\u00bb header_font_size_last_edited=\u00bbon|phone\u00bb global_colors_info=\u00bb{}\u00bb]<\/p>\n<h1>PLANES DE VALOR SOCIAL COOPERATIVO <\/h1>\n<p>[\/et_pb_text][\/et_pb_column][\/et_pb_row][\/et_pb_section][et_pb_section fb_built=\u00bb1&#8243; _builder_version=\u00bb4.27.4&#8243; _module_preset=\u00bbdefault\u00bb global_colors_info=\u00bb{}\u00bb][et_pb_row _builder_version=\u00bb4.27.4&#8243; _module_preset=\u00bbdefault\u00bb custom_padding=\u00bb||20px|||\u00bb locked=\u00bboff\u00bb global_colors_info=\u00bb{}\u00bb][et_pb_column type=\u00bb4_4&#8243; saved_specialty_column_type=\u00bb2_3&#8243; _builder_version=\u00bb4.27.4&#8243; _module_preset=\u00bbdefault\u00bb global_colors_info=\u00bb{}\u00bb][et_pb_text _builder_version=\u00bb4.27.4&#8243; _module_preset=\u00bbdefault\u00bb text_font=\u00bb|700|||||||\u00bb text_text_color=\u00bb#7c7c7c\u00bb text_font_size=\u00bb16px\u00bb text_letter_spacing=\u00bb2px\u00bb background_color=\u00bb#f9f9f9&#8243; text_orientation=\u00bbcenter\u00bb custom_margin=\u00bb||11px|||\u00bb custom_padding=\u00bb5px||3px||false|false\u00bb text_font_size_tablet=\u00bb16px\u00bb text_font_size_phone=\u00bb11px\u00bb text_font_size_last_edited=\u00bbon|phone\u00bb text_letter_spacing_tablet=\u00bb2px\u00bb text_letter_spacing_phone=\u00bb1px\u00bb text_letter_spacing_last_edited=\u00bbon|phone\u00bb text_line_height_tablet=\u00bb\u00bb text_line_height_phone=\u00bb1.5em\u00bb text_line_height_last_edited=\u00bbon|phone\u00bb global_colors_info=\u00bb{}\u00bb]<\/p>\n<p>\u00c1REA: MEJORA EN LA GESTI\u00d3N DE LA RESPONSABILIDAD SOCIAL <\/p>\n<p>[\/et_pb_text][et_pb_text _builder_version=\u00bb4.27.4&#8243; text_font_size=\u00bb16px\u00bb header_font=\u00bb||||||||\u00bb header_text_align=\u00bbleft\u00bb header_text_color=\u00bb#535b7c\u00bb header_font_size=\u00bb45px\u00bb header_line_height=\u00bb1.4em\u00bb header_2_font=\u00bb|700|||||||\u00bb header_2_font_size=\u00bb35px\u00bb header_2_line_height=\u00bb1.3em\u00bb text_orientation=\u00bbcenter\u00bb max_width=\u00bb700px\u00bb module_alignment=\u00bbcenter\u00bb header_2_font_size_tablet=\u00bb35px\u00bb header_2_font_size_phone=\u00bb25px\u00bb header_2_font_size_last_edited=\u00bbon|phone\u00bb global_colors_info=\u00bb{}\u00bb]<\/p>\n<h2>\u00bfQu\u00e9 son los Planes de Valor Social?<\/h2>\n<p>Los Planes de Valor Social permiten medir, en unidades monetarias, el impacto que una cooperativa genera sobre sus grupos de inter\u00e9s y sobre el territorio donde desarrolla su actividad.<\/p>\n<p>Se basan en la contabilidad social, que analiza tres dimensiones complementarias:[\/et_pb_text][\/et_pb_column][\/et_pb_row][et_pb_row column_structure=\u00bb1_3,1_3,1_3&#8243; _builder_version=\u00bb4.27.4&#8243; _module_preset=\u00bbdefault\u00bb custom_padding=\u00bb||18px|||\u00bb locked=\u00bboff\u00bb global_colors_info=\u00bb{}\u00bb][et_pb_column type=\u00bb1_3&#8243; _builder_version=\u00bb4.27.4&#8243; _module_preset=\u00bbdefault\u00bb global_colors_info=\u00bb{}\u00bb][et_pb_blurb title=\u00bbValor de mercado\u00bb use_icon=\u00bbon\u00bb font_icon=\u00bb&#xf3a5;||fa||400&#8243; icon_color=\u00bb#0c71c3&#8243; image_icon_width=\u00bb49px\u00bb content_max_width=\u00bb470px\u00bb icon_placement_tablet=\u00bbleft\u00bb icon_placement_phone=\u00bbleft\u00bb icon_placement_last_edited=\u00bbon|tablet\u00bb _builder_version=\u00bb4.27.4&#8243; _module_preset=\u00bbdefault\u00bb header_level=\u00bbh3&#8243; header_font=\u00bb|600|||||||\u00bb header_text_align=\u00bbcenter\u00bb header_font_size=\u00bb20px\u00bb header_line_height=\u00bb1.4em\u00bb body_text_align=\u00bbcenter\u00bb body_font_size=\u00bb16px\u00bb background_color=\u00bb#ffffff\u00bb text_orientation=\u00bbcenter\u00bb custom_margin=\u00bb||4.9%|||\u00bb custom_margin_tablet=\u00bb||0%||false|false\u00bb custom_margin_phone=\u00bb||0%||false|false\u00bb custom_margin_last_edited=\u00bbon|phone\u00bb custom_padding=\u00bb40px|20px|40px|20px\u00bb custom_padding_tablet=\u00bb30px||30px|20px|false|false\u00bb custom_padding_phone=\u00bb30px||30px|20px|false|false\u00bb custom_padding_last_edited=\u00bbon|tablet\u00bb animation_style=\u00bbzoom\u00bb animation_intensity_zoom=\u00bb5%\u00bb header_line_height_tablet=\u00bb1.4em\u00bb header_line_height_phone=\u00bb1.2em\u00bb header_line_height_last_edited=\u00bbon|phone\u00bb border_radii=\u00bbon|5px|5px|5px|5px\u00bb border_color_all=\u00bb#0C71C3&#8243; border_width_top=\u00bb6px\u00bb box_shadow_style=\u00bbpreset3&#8243; box_shadow_color=\u00bbrgba(34,56,101,0.12)\u00bb global_colors_info=\u00bb{}\u00bb]<\/p>\n<p>Actividades que implican un precio o contraprestaci\u00f3n.<\/p>\n<p>[\/et_pb_blurb][\/et_pb_column][et_pb_column type=\u00bb1_3&#8243; _builder_version=\u00bb4.27.4&#8243; _module_preset=\u00bbdefault\u00bb global_colors_info=\u00bb{}\u00bb][et_pb_blurb title=\u00bbValor de no mercado\u00bb use_icon=\u00bbon\u00bb font_icon=\u00bb&#xf4c0;||fa||900&#8243; icon_color=\u00bb#0c71c3&#8243; image_icon_width=\u00bb49px\u00bb content_max_width=\u00bb470px\u00bb icon_placement_tablet=\u00bbleft\u00bb icon_placement_phone=\u00bbleft\u00bb icon_placement_last_edited=\u00bbon|tablet\u00bb _builder_version=\u00bb4.27.4&#8243; _module_preset=\u00bbdefault\u00bb header_level=\u00bbh3&#8243; header_font=\u00bb|600|||||||\u00bb header_text_align=\u00bbcenter\u00bb header_font_size=\u00bb20px\u00bb header_line_height=\u00bb1.4em\u00bb body_text_align=\u00bbcenter\u00bb body_font_size=\u00bb16px\u00bb background_color=\u00bb#ffffff\u00bb text_orientation=\u00bbcenter\u00bb custom_margin=\u00bb||4.9%|||\u00bb custom_margin_tablet=\u00bb||0%||false|false\u00bb custom_margin_phone=\u00bb||0%||false|false\u00bb custom_margin_last_edited=\u00bbon|phone\u00bb custom_padding=\u00bb40px|20px|40px|20px\u00bb custom_padding_tablet=\u00bb30px||30px|20px|false|false\u00bb custom_padding_phone=\u00bb30px||30px|20px|false|false\u00bb custom_padding_last_edited=\u00bbon|tablet\u00bb animation_style=\u00bbzoom\u00bb animation_intensity_zoom=\u00bb5%\u00bb header_line_height_tablet=\u00bb1.4em\u00bb header_line_height_phone=\u00bb1.2em\u00bb header_line_height_last_edited=\u00bbon|phone\u00bb border_radii=\u00bbon|5px|5px|5px|5px\u00bb border_color_all=\u00bb#0C71C3&#8243; border_width_top=\u00bb6px\u00bb border_color_top=\u00bb#0C71C3&#8243; box_shadow_style=\u00bbpreset3&#8243; box_shadow_color=\u00bbrgba(34,56,101,0.12)\u00bb global_colors_info=\u00bb{}\u00bb]Aportaciones gratuitas o externalidades que benefician a los grupos de inter\u00e9s, aunque no est\u00e9n sujetas a un precio real.[\/et_pb_blurb][\/et_pb_column][et_pb_column type=\u00bb1_3&#8243; _builder_version=\u00bb4.27.4&#8243; _module_preset=\u00bbdefault\u00bb global_colors_info=\u00bb{}\u00bb][et_pb_blurb title=\u00bbValor emocional:\u00bb use_icon=\u00bbon\u00bb font_icon=\u00bb&#xf021;||fa||900&#8243; icon_color=\u00bb#0c71c3&#8243; image_icon_width=\u00bb49px\u00bb content_max_width=\u00bb470px\u00bb icon_placement_tablet=\u00bbleft\u00bb icon_placement_phone=\u00bbleft\u00bb icon_placement_last_edited=\u00bbon|tablet\u00bb _builder_version=\u00bb4.27.4&#8243; _module_preset=\u00bbdefault\u00bb header_level=\u00bbh3&#8243; header_font=\u00bb|600|||||||\u00bb header_text_align=\u00bbcenter\u00bb header_font_size=\u00bb20px\u00bb header_line_height=\u00bb1.4em\u00bb body_text_align=\u00bbcenter\u00bb body_font_size=\u00bb16px\u00bb background_color=\u00bb#ffffff\u00bb text_orientation=\u00bbcenter\u00bb custom_margin=\u00bb||4.9%|||\u00bb custom_margin_tablet=\u00bb||0%||false|false\u00bb custom_margin_phone=\u00bb||0%||false|false\u00bb custom_margin_last_edited=\u00bbon|phone\u00bb custom_padding=\u00bb40px|20px|40px|20px\u00bb custom_padding_tablet=\u00bb30px||30px|20px|false|false\u00bb custom_padding_phone=\u00bb30px||30px|20px|false|false\u00bb custom_padding_last_edited=\u00bbon|tablet\u00bb animation_style=\u00bbzoom\u00bb animation_intensity_zoom=\u00bb5%\u00bb header_line_height_tablet=\u00bb1.4em\u00bb header_line_height_phone=\u00bb1.2em\u00bb header_line_height_last_edited=\u00bbon|phone\u00bb border_radii=\u00bbon|5px|5px|5px|5px\u00bb border_color_all=\u00bb#0C71C3&#8243; border_width_top=\u00bb6px\u00bb border_color_top=\u00bb#0C71C3&#8243; box_shadow_style=\u00bbpreset3&#8243; box_shadow_color=\u00bbrgba(34,56,101,0.12)\u00bb global_colors_info=\u00bb{}\u00bb]Percepci\u00f3n de los socios y beneficiarios en relaci\u00f3n con el valor recibido frente al precio pagado.[\/et_pb_blurb][\/et_pb_column][\/et_pb_row][\/et_pb_section][et_pb_section fb_built=\u00bb1&#8243; _builder_version=\u00bb4.27.4&#8243; _module_preset=\u00bbdefault\u00bb background_color=\u00bbrgba(0,0,0,0.03)\u00bb global_colors_info=\u00bb{}\u00bb][et_pb_row _builder_version=\u00bb4.27.4&#8243; _module_preset=\u00bbdefault\u00bb custom_padding=\u00bb||20px|||\u00bb locked=\u00bboff\u00bb global_colors_info=\u00bb{}\u00bb][et_pb_column type=\u00bb4_4&#8243; saved_specialty_column_type=\u00bb2_3&#8243; _builder_version=\u00bb4.27.4&#8243; _module_preset=\u00bbdefault\u00bb global_colors_info=\u00bb{}\u00bb][et_pb_text _builder_version=\u00bb4.27.4&#8243; text_font_size=\u00bb16px\u00bb header_font=\u00bb||||||||\u00bb header_text_align=\u00bbleft\u00bb header_text_color=\u00bb#535b7c\u00bb header_font_size=\u00bb45px\u00bb header_line_height=\u00bb1.4em\u00bb header_2_font=\u00bb|700|||||||\u00bb header_2_font_size=\u00bb35px\u00bb header_2_line_height=\u00bb1.3em\u00bb text_orientation=\u00bbcenter\u00bb max_width=\u00bb700px\u00bb module_alignment=\u00bbcenter\u00bb header_2_font_size_tablet=\u00bb35px\u00bb header_2_font_size_phone=\u00bb25px\u00bb header_2_font_size_last_edited=\u00bbon|phone\u00bb global_colors_info=\u00bb{}\u00bb]<\/p>\n<h2>\u00bfQu\u00e9 se va a hacer y c\u00f3mo?<\/h2>\n<p>El proyecto incluye varias actuaciones clave:[\/et_pb_text][\/et_pb_column][\/et_pb_row][et_pb_row column_structure=\u00bb2_5,3_5&#8243; use_custom_gutter=\u00bbon\u00bb gutter_width=\u00bb1&#8243; _builder_version=\u00bb4.27.4&#8243; _module_preset=\u00bbdefault\u00bb global_colors_info=\u00bb{}\u00bb][et_pb_column type=\u00bb2_5&#8243; _builder_version=\u00bb4.27.4&#8243; _module_preset=\u00bbdefault\u00bb global_colors_info=\u00bb{}\u00bb][et_pb_image src=\u00bbhttps:\/\/somossosteniblescoop.com\/edicion2\/wp-content\/uploads\/2025\/09\/planes-valor-social.jpg\u00bb title_text=\u00bbplanes valor social\u00bb align=\u00bbcenter\u00bb _builder_version=\u00bb4.27.4&#8243; _module_preset=\u00bbdefault\u00bb width=\u00bb66%\u00bb module_alignment=\u00bbcenter\u00bb global_colors_info=\u00bb{}\u00bb][\/et_pb_image][\/et_pb_column][et_pb_column type=\u00bb3_5&#8243; _builder_version=\u00bb4.27.4&#8243; _module_preset=\u00bbdefault\u00bb global_colors_info=\u00bb{}\u00bb][et_pb_blurb title=\u00bbJornadas de introducci\u00f3n al valor social: \u00bb image=\u00bbhttps:\/\/somossosteniblescoop.com\/edicion2\/wp-content\/uploads\/2025\/09\/Paso-1.png\u00bb icon_placement=\u00bbleft\u00bb content_max_width=\u00bb700px\u00bb _builder_version=\u00bb4.27.4&#8243; _module_preset=\u00bbdefault\u00bb header_level=\u00bbh3&#8243; header_font=\u00bb|600|||||||\u00bb header_font_size=\u00bb20px\u00bb body_font_size=\u00bb16px\u00bb custom_margin=\u00bb48px||19px|||\u00bb global_colors_info=\u00bb{}\u00bb]Encuentros comarcales para explicar qu\u00e9 es el valor social, identificar grupos de inter\u00e9s y dar a conocer la metodolog\u00eda de trabajo.[\/et_pb_blurb][et_pb_blurb title=\u00bbAplicaci\u00f3n de la metodolog\u00eda de c\u00e1lculo: \u00bb image=\u00bbhttps:\/\/somossosteniblescoop.com\/edicion2\/wp-content\/uploads\/2025\/09\/Paso-2.png\u00bb icon_placement=\u00bbleft\u00bb content_max_width=\u00bb700px\u00bb _builder_version=\u00bb4.27.4&#8243; _module_preset=\u00bbdefault\u00bb header_level=\u00bbh3&#8243; header_font=\u00bb|600|||||||\u00bb header_font_size=\u00bb20px\u00bb body_font_size=\u00bb16px\u00bb custom_margin=\u00bb13px||17px|||\u00bb global_colors_info=\u00bb{}\u00bb]Desarrollo del proceso de monetizaci\u00f3n del valor social en cooperativas seleccionadas.[\/et_pb_blurb][et_pb_blurb title=\u00bbPresentaci\u00f3n de resultados: \u00bb image=\u00bbhttps:\/\/somossosteniblescoop.com\/edicion2\/wp-content\/uploads\/2025\/09\/Paso-3.png\u00bb icon_placement=\u00bbleft\u00bb content_max_width=\u00bb700px\u00bb _builder_version=\u00bb4.27.4&#8243; _module_preset=\u00bbdefault\u00bb header_level=\u00bbh3&#8243; header_font=\u00bb|600|||||||\u00bb header_font_size=\u00bb20px\u00bb body_font_size=\u00bb16px\u00bb custom_margin=\u00bb13px||17px|||\u00bb global_colors_info=\u00bb{}\u00bb]Exposici\u00f3n de los informes elaborados y reflexi\u00f3n conjunta sobre su continuidad.[\/et_pb_blurb][et_pb_blurb title=\u00bbJornadas de reflexi\u00f3n:\u00bb image=\u00bbhttps:\/\/somossosteniblescoop.com\/edicion2\/wp-content\/uploads\/2025\/09\/Paso-4.png\u00bb icon_placement=\u00bbleft\u00bb content_max_width=\u00bb700px\u00bb _builder_version=\u00bb4.27.4&#8243; _module_preset=\u00bbdefault\u00bb header_level=\u00bbh3&#8243; header_font=\u00bb|600|||||||\u00bb header_font_size=\u00bb20px\u00bb body_font_size=\u00bb16px\u00bb custom_margin=\u00bb13px||17px|||\u00bb global_colors_info=\u00bb{}\u00bb]Espacios participativos con las cooperativas para analizar resultados y posibles mejoras.[\/et_pb_blurb][\/et_pb_column][\/et_pb_row][\/et_pb_section][et_pb_section fb_built=\u00bb1&#8243; _builder_version=\u00bb4.27.4&#8243; _module_preset=\u00bbdefault\u00bb global_colors_info=\u00bb{}\u00bb][et_pb_row column_structure=\u00bb1_2,1_2&#8243; use_custom_gutter=\u00bbon\u00bb gutter_width=\u00bb2&#8243; _builder_version=\u00bb4.27.4&#8243; _module_preset=\u00bbdefault\u00bb positioning=\u00bbnone\u00bb position_origin_f=\u00bbbottom_center\u00bb z_index=\u00bb1&#8243; custom_margin=\u00bb14px|auto||auto||\u00bb custom_padding=\u00bb|25px||26px||\u00bb border_radii=\u00bbon|20px|20px|20px|20px\u00bb global_colors_info=\u00bb{}\u00bb][et_pb_column type=\u00bb1_2&#8243; _builder_version=\u00bb4.27.4&#8243; _module_preset=\u00bbdefault\u00bb background_color=\u00bb#bed7e0&#8243; custom_padding=\u00bb25px|35px|25px|35px|true|true\u00bb border_radii=\u00bbon|5px|5px|5px|5px\u00bb box_shadow_style=\u00bbpreset3&#8243; box_shadow_color=\u00bbrgba(34,56,101,0.12)\u00bb global_colors_info=\u00bb{}\u00bb][et_pb_text _builder_version=\u00bb4.27.4&#8243; text_font_size=\u00bb16px\u00bb header_font=\u00bb||||||||\u00bb header_text_align=\u00bbleft\u00bb header_text_color=\u00bb#535b7c\u00bb header_font_size=\u00bb45px\u00bb header_line_height=\u00bb1.4em\u00bb header_2_font=\u00bb|700|||||||\u00bb header_2_font_size=\u00bb35px\u00bb header_2_line_height=\u00bb1.3em\u00bb text_orientation=\u00bbcenter\u00bb max_width=\u00bb700px\u00bb module_alignment=\u00bbcenter\u00bb header_2_font_size_tablet=\u00bb35px\u00bb header_2_font_size_phone=\u00bb25px\u00bb header_2_font_size_last_edited=\u00bbon|phone\u00bb global_colors_info=\u00bb{}\u00bb]<\/p>\n<h2>\u00bfQu\u00e9 se quiere conseguir?<\/h2>\n<p>[\/et_pb_text][et_pb_text ul_type=\u00bbsquare\u00bb _builder_version=\u00bb4.27.4&#8243; _module_preset=\u00bbdefault\u00bb text_font_size=\u00bb16px\u00bb ul_font_size=\u00bb17px\u00bb ul_line_height=\u00bb1.4em\u00bb global_colors_info=\u00bb{}\u00bb]<\/p>\n<ul>\n<li data-start=\"1645\" data-end=\"1720\">\n<p data-start=\"1647\" data-end=\"1720\">Elaborar <strong data-start=\"1656\" data-end=\"1686\">6 memorias de valor social<\/strong> para cooperativas de la regi\u00f3n.<\/p>\n<\/li>\n<li data-start=\"1721\" data-end=\"1888\">\n<p data-start=\"1723\" data-end=\"1888\">Visibilizar el <strong data-start=\"1738\" data-end=\"1754\">impacto real<\/strong> de las cooperativas en sus socios, en el entorno y en la sociedad, m\u00e1s all\u00e1 del valor econ\u00f3mico de los productos que comercializan.<\/p>\n<\/li>\n<li data-start=\"1889\" data-end=\"2012\">\n<p data-start=\"1891\" data-end=\"2012\">Reforzar la importancia del <strong data-start=\"1919\" data-end=\"1941\">modelo cooperativo<\/strong> como motor de desarrollo en las zonas rurales de Castilla-La Mancha.<\/p>\n<\/li>\n<li style=\"list-style-type: none;\">\u00a0<\/li>\n<\/ul>\n<p>[\/et_pb_text][\/et_pb_column][et_pb_column type=\u00bb1_2&#8243; _builder_version=\u00bb4.27.4&#8243; _module_preset=\u00bbdefault\u00bb background_color=\u00bb#d0dbe0&#8243; custom_padding=\u00bb25px|35px|25px|35px|true|true\u00bb border_radii=\u00bbon|5px|5px|5px|5px\u00bb box_shadow_style=\u00bbpreset3&#8243; box_shadow_color=\u00bbrgba(34,56,101,0.12)\u00bb global_colors_info=\u00bb{}\u00bb][et_pb_text _builder_version=\u00bb4.27.4&#8243; text_font_size=\u00bb16px\u00bb header_font=\u00bb||||||||\u00bb header_text_align=\u00bbleft\u00bb header_text_color=\u00bb#535b7c\u00bb header_font_size=\u00bb45px\u00bb header_line_height=\u00bb1.4em\u00bb header_2_font=\u00bb|700|||||||\u00bb header_2_font_size=\u00bb35px\u00bb header_2_line_height=\u00bb1.3em\u00bb text_orientation=\u00bbcenter\u00bb max_width=\u00bb700px\u00bb module_alignment=\u00bbcenter\u00bb header_2_font_size_tablet=\u00bb35px\u00bb header_2_font_size_phone=\u00bb25px\u00bb header_2_font_size_last_edited=\u00bbon|phone\u00bb global_colors_info=\u00bb{}\u00bb]<\/p>\n<h2>Cambios que se van a generar<\/h2>\n<p>[\/et_pb_text][et_pb_text ul_type=\u00bbsquare\u00bb _builder_version=\u00bb4.27.4&#8243; _module_preset=\u00bbdefault\u00bb text_font_size=\u00bb16px\u00bb ul_font_size=\u00bb17px\u00bb ul_line_height=\u00bb1.4em\u00bb global_colors_info=\u00bb{}\u00bb]<\/p>\n<p >La implantaci\u00f3n de esta metodolog\u00eda permitir\u00e1 a las cooperativas:<\/p>\n<ul data-start=\"2134\" data-end=\"2478\">\n<li data-start=\"2134\" data-end=\"2212\">\n<p data-start=\"2136\" data-end=\"2212\"><strong data-start=\"2136\" data-end=\"2209\">Incorporar el valor social en su estrategia de gesti\u00f3n y comunicaci\u00f3n<\/strong>.<\/p>\n<\/li>\n<li data-start=\"2213\" data-end=\"2315\">\n<p data-start=\"2215\" data-end=\"2315\">Mostrar la <strong data-start=\"2226\" data-end=\"2266\">relevancia de su impacto territorial<\/strong> m\u00e1s all\u00e1 de los resultados econ\u00f3micos anuales.<\/p>\n<\/li>\n<li data-start=\"2316\" data-end=\"2386\">\n<p data-start=\"2318\" data-end=\"2386\">Identificar y medir variables que generan valor en el medio rural.<\/p>\n<\/li>\n<li data-start=\"2387\" data-end=\"2478\">\n<p data-start=\"2389\" data-end=\"2478\">Detectar <strong data-start=\"2398\" data-end=\"2436\">nuevos servicios o \u00e1reas de mejora<\/strong> en funci\u00f3n de los resultados obtenidos.<\/p>\n<\/li>\n<\/ul>\n<\/li>\n<\/ul>\n<p>[\/et_pb_text][\/et_pb_column][\/et_pb_row][\/et_pb_section][et_pb_section fb_built=\u00bb1&#8243; _builder_version=\u00bb4.27.4&#8243; _module_preset=\u00bbdefault\u00bb custom_padding=\u00bb56px|||||\u00bb locked=\u00bboff\u00bb global_colors_info=\u00bb{}\u00bb][et_pb_row _builder_version=\u00bb4.27.4&#8243; _module_preset=\u00bbdefault\u00bb custom_margin=\u00bb30px|auto||auto||\u00bb custom_padding=\u00bb||20px|||\u00bb border_color_top=\u00bbrgba(79,0,119,0.27)\u00bb locked=\u00bboff\u00bb global_colors_info=\u00bb{}\u00bb][et_pb_column type=\u00bb4_4&#8243; saved_specialty_column_type=\u00bb2_3&#8243; _builder_version=\u00bb4.27.4&#8243; _module_preset=\u00bbdefault\u00bb global_colors_info=\u00bb{}\u00bb][et_pb_divider color=\u00bbrgba(79,0,119,0.23)\u00bb _builder_version=\u00bb4.27.4&#8243; _module_preset=\u00bbdefault\u00bb hover_enabled=\u00bb0&#8243; global_colors_info=\u00bb{}\u00bb sticky_enabled=\u00bb0&#8243;][\/et_pb_divider][\/et_pb_column][\/et_pb_row][et_pb_row _builder_version=\u00bb4.27.4&#8243; _module_preset=\u00bbdefault\u00bb custom_padding=\u00bb||20px|||\u00bb border_color_top=\u00bbrgba(79,0,119,0.27)\u00bb locked=\u00bboff\u00bb global_colors_info=\u00bb{}\u00bb][et_pb_column type=\u00bb4_4&#8243; saved_specialty_column_type=\u00bb2_3&#8243; _builder_version=\u00bb4.27.4&#8243; _module_preset=\u00bbdefault\u00bb global_colors_info=\u00bb{}\u00bb][et_pb_text _builder_version=\u00bb4.27.4&#8243; text_font_size=\u00bb16px\u00bb header_font=\u00bb||||||||\u00bb header_text_align=\u00bbleft\u00bb header_text_color=\u00bb#535b7c\u00bb header_font_size=\u00bb45px\u00bb header_line_height=\u00bb1.4em\u00bb header_2_font=\u00bb|700|||||||\u00bb header_2_font_size=\u00bb35px\u00bb header_2_line_height=\u00bb1.3em\u00bb text_orientation=\u00bbcenter\u00bb max_width=\u00bb700px\u00bb module_alignment=\u00bbcenter\u00bb header_2_font_size_tablet=\u00bb35px\u00bb header_2_font_size_phone=\u00bb25px\u00bb header_2_font_size_last_edited=\u00bbon|phone\u00bb global_colors_info=\u00bb{}\u00bb]<\/p>\n<h2> Cooperativas Beneficiarias<\/h2>\n<p>[\/et_pb_text][\/et_pb_column][\/et_pb_row][et_pb_row _builder_version=\u00bb4.27.4&#8243; _module_preset=\u00bbdefault\u00bb custom_padding=\u00bb11px|||||\u00bb global_colors_info=\u00bb{}\u00bb][et_pb_column type=\u00bb4_4&#8243; _builder_version=\u00bb4.27.4&#8243; _module_preset=\u00bbdefault\u00bb global_colors_info=\u00bb{}\u00bb][et_pb_portfolio fullwidth=\u00bboff\u00bb include_categories=\u00bb10&#8243; show_title=\u00bboff\u00bb show_categories=\u00bboff\u00bb zoom_icon_color=\u00bb#4F0077&#8243; hover_overlay_color=\u00bbrgba(255,255,255,0.74)\u00bb hover_icon=\u00bb&#x26;||divi||400&#8243; _builder_version=\u00bb4.27.4&#8243; _module_preset=\u00bbdefault\u00bb hover_enabled=\u00bb0&#8243; border_radii_image=\u00bbon|10px|10px|10px|10px\u00bb border_width_all_image=\u00bb1px\u00bb border_color_all_image=\u00bbrgba(79,0,119,0.15)\u00bb box_shadow_style_image=\u00bbpreset3&#8243; box_shadow_color_image=\u00bbrgba(79,0,119,0.13)\u00bb global_colors_info=\u00bb{}\u00bb transform_styles__hover_enabled=\u00bbon|hover\u00bb transform_scale__hover_enabled=\u00bbon|hover\u00bb transform_translate__hover_enabled=\u00bbon|desktop\u00bb transform_rotate__hover_enabled=\u00bbon|desktop\u00bb transform_skew__hover_enabled=\u00bbon|desktop\u00bb transform_origin__hover_enabled=\u00bbon|desktop\u00bb transform_scale__hover=\u00bb102%|102%\u00bb sticky_enabled=\u00bb0&#8243;][\/et_pb_portfolio][\/et_pb_column][\/et_pb_row][\/et_pb_section]<\/p>\n","protected":false},"excerpt":{"rendered":"<p>PLANES DE VALOR SOCIAL COOPERATIVO \u00c1REA: MEJORA EN LA GESTI\u00d3N DE LA RESPONSABILIDAD SOCIAL \u00bfQu\u00e9 son los Planes de Valor Social? Los Planes de Valor Social permiten medir, en unidades monetarias, el impacto que una cooperativa genera sobre sus grupos de inter\u00e9s y sobre el territorio donde desarrolla su actividad. Se basan en la contabilidad [&hellip;]<\/p>\n","protected":false},"author":2,"featured_media":0,"parent":0,"menu_order":0,"comment_status":"closed","ping_status":"closed","template":"","meta":{"_et_pb_use_builder":"on","_et_pb_old_content":"","_et_gb_content_width":"","footnotes":""},"class_list":["post-249","page","type-page","status-publish","hentry"],"_links":{"self":[{"href":"https:\/\/somossosteniblescoop.com\/edicion2\/wp-json\/wp\/v2\/pages\/249","targetHints":{"allow":["GET"]}}],"collection":[{"href":"https:\/\/somossosteniblescoop.com\/edicion2\/wp-json\/wp\/v2\/pages"}],"about":[{"href":"https:\/\/somossosteniblescoop.com\/edicion2\/wp-json\/wp\/v2\/types\/page"}],"author":[{"embeddable":true,"href":"https:\/\/somossosteniblescoop.com\/edicion2\/wp-json\/wp\/v2\/users\/2"}],"replies":[{"embeddable":true,"href":"https:\/\/somossosteniblescoop.com\/edicion2\/wp-json\/wp\/v2\/comments?post=249"}],"version-history":[{"count":5,"href":"https:\/\/somossosteniblescoop.com\/edicion2\/wp-json\/wp\/v2\/pages\/249\/revisions"}],"predecessor-version":[{"id":431,"href":"https:\/\/somossosteniblescoop.com\/edicion2\/wp-json\/wp\/v2\/pages\/249\/revisions\/431"}],"wp:attachment":[{"href":"https:\/\/somossosteniblescoop.com\/edicion2\/wp-json\/wp\/v2\/media?parent=249"}],"curies":[{"name":"wp","href":"https:\/\/api.w.org\/{rel}","templated":true}]}}