{"id":160,"date":"2025-09-24T12:05:00","date_gmt":"2025-09-24T10:05:00","guid":{"rendered":"https:\/\/somossosteniblescoop.com\/edicion2\/?page_id=160"},"modified":"2025-09-29T10:30:27","modified_gmt":"2025-09-29T08:30:27","slug":"areas","status":"publish","type":"page","link":"https:\/\/somossosteniblescoop.com\/edicion2\/areas\/","title":{"rendered":"\u00c1reas"},"content":{"rendered":"<p>[et_pb_section fb_built=\u00bb1&#8243; admin_label=\u00bbHeader\u00bb _builder_version=\u00bb4.27.4&#8243; background_color=\u00bbrgba(0,0,0,0.04)\u00bb background_image=\u00bbhttps:\/\/somossosteniblescoop.com\/edicion2\/wp-content\/uploads\/2025\/09\/fONDO1.png\u00bb background_size=\u00bbcontain\u00bb background_position=\u00bbbottom_left\u00bb custom_padding=\u00bb2.7%|0px|4.1%|0px||\u00bb animation_style=\u00bbzoom\u00bb animation_direction=\u00bbbottom\u00bb animation_intensity_zoom=\u00bb8%\u00bb animation_starting_opacity=\u00bb100%\u00bb locked=\u00bboff\u00bb global_colors_info=\u00bb{}\u00bb][et_pb_row _builder_version=\u00bb4.16&#8243; custom_margin=\u00bb-3px|auto||auto||\u00bb global_colors_info=\u00bb{}\u00bb][et_pb_column type=\u00bb4_4&#8243; _builder_version=\u00bb4.16&#8243; custom_padding=\u00bb|||\u00bb global_colors_info=\u00bb{}\u00bb custom_padding__hover=\u00bb|||\u00bb][et_pb_text _builder_version=\u00bb4.27.4&#8243; text_font=\u00bb||||||||\u00bb text_text_color=\u00bb#3a3a3a\u00bb text_font_size=\u00bb16px\u00bb text_line_height=\u00bb1.8em\u00bb header_font=\u00bb|700|||||||\u00bb header_text_color=\u00bb#2d2d2d\u00bb header_font_size=\u00bb45px\u00bb header_line_height=\u00bb1.3em\u00bb header_2_font=\u00bb||||||||\u00bb text_orientation=\u00bbcenter\u00bb background_layout=\u00bbdark\u00bb max_width=\u00bb850px\u00bb module_alignment=\u00bbcenter\u00bb global_colors_info=\u00bb{}\u00bb]<\/p>\n<h1>\u00c1reas del proyecto<\/h1>\n<p>El proyecto pone a disposici\u00f3n de las cooperativas y SAT de Castilla-La Mancha servicios de asesoramiento y asistencia t\u00e9cnica en \u00e1mbitos estrat\u00e9gicos para el desarrollo de la econom\u00eda social agroalimentaria.<\/p>\n<p>A partir de la experiencia de la Fundaci\u00f3n CooperActiva y del conocimiento de las fortalezas y debilidades del sector, se han definido dos grandes \u00e1reas de actuaci\u00f3n. Ambas buscan mejorar la competitividad de las cooperativas, adapt\u00e1ndolas a las nuevas exigencias de los mercados, de la normativa y de la sociedad actual.<\/p>\n<p>[\/et_pb_text][\/et_pb_column][\/et_pb_row][\/et_pb_section][et_pb_section fb_built=\u00bb1&#8243; specialty=\u00bbon\u00bb background_color_2=\u00bbrgba(0,0,0,0.05)\u00bb _builder_version=\u00bb4.27.4&#8243; _module_preset=\u00bbdefault\u00bb background_color=\u00bb#FFFFFF\u00bb global_colors_info=\u00bb{}\u00bb][et_pb_column type=\u00bb2_3&#8243; specialty_columns=\u00bb2&#8243; _builder_version=\u00bb4.16&#8243; custom_padding=\u00bb|||\u00bb global_colors_info=\u00bb{}\u00bb custom_padding__hover=\u00bb|||\u00bb][et_pb_row_inner _builder_version=\u00bb4.27.4&#8243; _module_preset=\u00bbdefault\u00bb custom_padding=\u00bb||20px|||\u00bb global_colors_info=\u00bb{}\u00bb][et_pb_column_inner saved_specialty_column_type=\u00bb2_3&#8243; _builder_version=\u00bb4.27.4&#8243; _module_preset=\u00bbdefault\u00bb global_colors_info=\u00bb{}\u00bb][et_pb_text _builder_version=\u00bb4.27.4&#8243; _module_preset=\u00bbdefault\u00bb text_font=\u00bb|700|||||||\u00bb text_text_color=\u00bb#7c7c7c\u00bb text_font_size=\u00bb16px\u00bb text_letter_spacing=\u00bb2px\u00bb background_color=\u00bb#f9f9f9&#8243; text_orientation=\u00bbcenter\u00bb custom_margin=\u00bb||11px|||\u00bb custom_padding=\u00bb5px||3px||false|false\u00bb global_colors_info=\u00bb{}\u00bb]<\/p>\n<p>\u00c1REA<\/p>\n<p>[\/et_pb_text][et_pb_text _builder_version=\u00bb4.27.4&#8243; text_font_size=\u00bb16px\u00bb header_font=\u00bb||||||||\u00bb header_text_align=\u00bbleft\u00bb header_text_color=\u00bb#535b7c\u00bb header_font_size=\u00bb45px\u00bb header_line_height=\u00bb1.4em\u00bb header_2_font=\u00bb|700|||||||\u00bb header_2_font_size=\u00bb35px\u00bb header_2_line_height=\u00bb1.3em\u00bb text_orientation=\u00bbcenter\u00bb max_width=\u00bb700px\u00bb module_alignment=\u00bbcenter\u00bb global_colors_info=\u00bb{}\u00bb]<\/p>\n<h2>Mejora en la gesti\u00f3n de la Responsabilidad Social<\/h2>\n<p>Se ofrece apoyo en la integraci\u00f3n de la responsabilidad social como un eje estrat\u00e9gico en las cooperativas. Los servicios que se prestan incluyen:[\/et_pb_text][\/et_pb_column_inner][\/et_pb_row_inner][et_pb_row_inner column_structure=\u00bb1_3,1_3,1_3&#8243; use_custom_gutter=\u00bbon\u00bb gutter_width=\u00bb2&#8243; _builder_version=\u00bb4.27.4&#8243; _module_preset=\u00bbdefault\u00bb custom_padding=\u00bb13px||10px|||\u00bb global_colors_info=\u00bb{}\u00bb][et_pb_column_inner type=\u00bb1_3&#8243; saved_specialty_column_type=\u00bb2_3&#8243; _builder_version=\u00bb4.27.4&#8243; _module_preset=\u00bbdefault\u00bb global_colors_info=\u00bb{}\u00bb][et_pb_blurb title=\u00bbPlanes de igualdad\u00bb icon_placement=\u00bbleft\u00bb content_max_width=\u00bb470px\u00bb _builder_version=\u00bb4.27.4&#8243; header_level=\u00bbh3&#8243; header_font=\u00bb|600|||||||\u00bb header_text_align=\u00bbleft\u00bb header_line_height=\u00bb1.4em\u00bb body_text_align=\u00bbleft\u00bb body_font_size=\u00bb16px\u00bb background_color=\u00bb#ffffff\u00bb text_orientation=\u00bbcenter\u00bb custom_margin=\u00bb||4.9%|||\u00bb custom_padding=\u00bb40px|20px|40px|20px\u00bb animation_style=\u00bbzoom\u00bb animation_intensity_zoom=\u00bb5%\u00bb border_radii=\u00bbon|4px|4px|4px|4px\u00bb border_width_top=\u00bb6px\u00bb border_color_top=\u00bb#7d41c1&#8243; box_shadow_style=\u00bbpreset3&#8243; box_shadow_color=\u00bbrgba(34,56,101,0.12)\u00bb global_colors_info=\u00bb{}\u00bb]Elaboraci\u00f3n de nuevos planes, orientaci\u00f3n y seguimiento de los ya existentes, protocolos para garantizar la prevenci\u00f3n de conductas contra la libertad sexual e integridad moral en el trabajo, auditor\u00edas de cumplimiento normativo y fomento de la participaci\u00f3n de la mujer en puestos de decisi\u00f3n.[\/et_pb_blurb][\/et_pb_column_inner][et_pb_column_inner type=\u00bb1_3&#8243; saved_specialty_column_type=\u00bb2_3&#8243; _builder_version=\u00bb4.27.4&#8243; _module_preset=\u00bbdefault\u00bb global_colors_info=\u00bb{}\u00bb][et_pb_blurb title=\u00bbMemorias de Responsabilidad Social Corporativa\u00bb icon_placement=\u00bbleft\u00bb content_max_width=\u00bb470px\u00bb _builder_version=\u00bb4.27.4&#8243; header_level=\u00bbh3&#8243; header_font=\u00bb|600|||||||\u00bb header_text_align=\u00bbleft\u00bb header_line_height=\u00bb1.4em\u00bb body_text_align=\u00bbleft\u00bb body_font_size=\u00bb16px\u00bb background_color=\u00bb#ffffff\u00bb text_orientation=\u00bbcenter\u00bb custom_margin=\u00bb||6%|\u00bb custom_padding=\u00bb40px|20px|40px|20px\u00bb animation_style=\u00bbzoom\u00bb animation_intensity_zoom=\u00bb5%\u00bb border_radii=\u00bbon|4px|4px|4px|4px\u00bb border_width_top=\u00bb6px\u00bb border_color_top=\u00bb#808e12&#8243; box_shadow_style=\u00bbpreset3&#8243; box_shadow_color=\u00bbrgba(34,56,101,0.12)\u00bb global_colors_info=\u00bb{}\u00bb]An\u00e1lisis de actividades que favorecen la sostenibilidad social, ambiental y econ\u00f3mica, mostrando al mercado el compromiso de la cooperativa con la triple sostenibilidad.[\/et_pb_blurb][\/et_pb_column_inner][et_pb_column_inner type=\u00bb1_3&#8243; saved_specialty_column_type=\u00bb2_3&#8243; _builder_version=\u00bb4.27.4&#8243; _module_preset=\u00bbdefault\u00bb global_colors_info=\u00bb{}\u00bb][et_pb_blurb title=\u00bbMemorias de Responsabilidad Social Corporativa\u00bb icon_placement=\u00bbleft\u00bb content_max_width=\u00bb470px\u00bb _builder_version=\u00bb4.27.4&#8243; header_level=\u00bbh3&#8243; header_font=\u00bb|600|||||||\u00bb header_text_align=\u00bbleft\u00bb header_line_height=\u00bb1.4em\u00bb body_text_align=\u00bbleft\u00bb body_font_size=\u00bb16px\u00bb background_color=\u00bb#ffffff\u00bb text_orientation=\u00bbcenter\u00bb custom_margin=\u00bb||6%|\u00bb custom_padding=\u00bb40px|20px|40px|20px\u00bb animation_style=\u00bbzoom\u00bb animation_intensity_zoom=\u00bb5%\u00bb border_radii=\u00bbon|4px|4px|4px|4px\u00bb border_width_top=\u00bb6px\u00bb border_color_top=\u00bb#0C71C3&#8243; box_shadow_style=\u00bbpreset3&#8243; box_shadow_color=\u00bbrgba(34,56,101,0.12)\u00bb global_colors_info=\u00bb{}\u00bb]An\u00e1lisis de actividades que favorecen la sostenibilidad social, ambiental y econ\u00f3mica, mostrando al mercado el compromiso de la cooperativa con la triple sostenibilidad.[\/et_pb_blurb][\/et_pb_column_inner][\/et_pb_row_inner][et_pb_row_inner _builder_version=\u00bb4.27.4&#8243; _module_preset=\u00bbdefault\u00bb custom_padding=\u00bb6px|||||\u00bb global_colors_info=\u00bb{}\u00bb][et_pb_column_inner saved_specialty_column_type=\u00bb2_3&#8243; _builder_version=\u00bb4.27.4&#8243; _module_preset=\u00bbdefault\u00bb global_colors_info=\u00bb{}\u00bb][et_pb_button button_url=\u00bbhttps:\/\/somossosteniblescoop.com\/edicion2\/mejora-en-la-gestion-de-la-responsabilidad-social\/\u00bb button_text=\u00bbVer \u00e1rea\u00bb button_alignment=\u00bbcenter\u00bb _builder_version=\u00bb4.27.4&#8243; custom_button=\u00bbon\u00bb button_text_size=\u00bb13px\u00bb button_text_color=\u00bb#ffffff\u00bb button_bg_use_color_gradient=\u00bbon\u00bb button_bg_color_gradient_direction=\u00bb243deg\u00bb button_bg_color_gradient_stops=\u00bb#e09900 0%|#e02b20 100%\u00bb button_bg_color_gradient_start=\u00bb#3D72E7&#8243; button_bg_color_gradient_end=\u00bb#53a0fe\u00bb button_border_width=\u00bb0px\u00bb button_border_radius=\u00bb26px\u00bb button_letter_spacing=\u00bb1px\u00bb button_font=\u00bbNunito Sans|800||on|||||\u00bb button_use_icon=\u00bboff\u00bb custom_padding=\u00bb15px|30px|15px|30px\u00bb button_text_color_hover=\u00bb#ffffff\u00bb button_border_radius_hover=\u00bb26px\u00bb button_letter_spacing_hover=\u00bb1px\u00bb global_colors_info=\u00bb{}\u00bb button_text_size__hover_enabled=\u00bboff\u00bb button_one_text_size__hover_enabled=\u00bboff\u00bb button_two_text_size__hover_enabled=\u00bboff\u00bb button_text_color__hover_enabled=\u00bbon\u00bb button_text_color__hover=\u00bb#ffffff\u00bb button_one_text_color__hover_enabled=\u00bboff\u00bb button_two_text_color__hover_enabled=\u00bboff\u00bb button_border_width__hover_enabled=\u00bboff\u00bb button_one_border_width__hover_enabled=\u00bboff\u00bb button_two_border_width__hover_enabled=\u00bboff\u00bb button_border_color__hover_enabled=\u00bboff\u00bb button_one_border_color__hover_enabled=\u00bboff\u00bb button_two_border_color__hover_enabled=\u00bboff\u00bb button_border_radius__hover_enabled=\u00bbon\u00bb button_border_radius__hover=\u00bb26px\u00bb button_one_border_radius__hover_enabled=\u00bboff\u00bb button_two_border_radius__hover_enabled=\u00bboff\u00bb button_letter_spacing__hover_enabled=\u00bbon\u00bb button_letter_spacing__hover=\u00bb1px\u00bb button_one_letter_spacing__hover_enabled=\u00bboff\u00bb button_two_letter_spacing__hover_enabled=\u00bboff\u00bb button_bg_color__hover_enabled=\u00bboff\u00bb button_one_bg_color__hover_enabled=\u00bboff\u00bb button_two_bg_color__hover_enabled=\u00bboff\u00bb][\/et_pb_button][\/et_pb_column_inner][\/et_pb_row_inner][et_pb_row_inner _builder_version=\u00bb4.27.4&#8243; _module_preset=\u00bbdefault\u00bb custom_padding=\u00bb||6px|||\u00bb border_width_top=\u00bb1px\u00bb border_color_top=\u00bbrgba(0,0,0,0.14)\u00bb global_colors_info=\u00bb{}\u00bb][et_pb_column_inner saved_specialty_column_type=\u00bb2_3&#8243; _builder_version=\u00bb4.27.4&#8243; _module_preset=\u00bbdefault\u00bb global_colors_info=\u00bb{}\u00bb][et_pb_text _builder_version=\u00bb4.27.4&#8243; _module_preset=\u00bbdefault\u00bb text_font=\u00bb|700|||||||\u00bb text_text_color=\u00bb#7c7c7c\u00bb text_font_size=\u00bb16px\u00bb text_letter_spacing=\u00bb2px\u00bb background_color=\u00bb#f9f9f9&#8243; text_orientation=\u00bbcenter\u00bb custom_margin=\u00bb||11px|||\u00bb custom_padding=\u00bb5px||3px||false|false\u00bb global_colors_info=\u00bb{}\u00bb]<\/p>\n<p>\u00c1REA<\/p>\n<p>[\/et_pb_text][et_pb_text _builder_version=\u00bb4.27.4&#8243; text_font_size=\u00bb16px\u00bb header_font=\u00bb||||||||\u00bb header_text_align=\u00bbleft\u00bb header_text_color=\u00bb#535b7c\u00bb header_font_size=\u00bb45px\u00bb header_line_height=\u00bb1.4em\u00bb header_2_font=\u00bb|700|||||||\u00bb header_2_font_size=\u00bb35px\u00bb header_2_line_height=\u00bb1.3em\u00bb text_orientation=\u00bbcenter\u00bb max_width=\u00bb700px\u00bb module_alignment=\u00bbcenter\u00bb custom_margin=\u00bb||20px|||\u00bb global_colors_info=\u00bb{}\u00bb]<\/p>\n<h2>Mejora en la gesti\u00f3n de los ODS en cooperativas<\/h2>\n<p>Este bloque se centra en acompa\u00f1ar a las cooperativas en su alineaci\u00f3n con los Objetivos de Desarrollo Sostenible (ODS). Para ello se desarrollan los siguientes servicios:[\/et_pb_text][\/et_pb_column_inner][\/et_pb_row_inner][et_pb_row_inner _builder_version=\u00bb4.27.4&#8243; _module_preset=\u00bbdefault\u00bb width=\u00bb78%\u00bb module_alignment=\u00bbcenter\u00bb custom_padding=\u00bb16px||6px|||\u00bb border_color_top=\u00bbrgba(0,0,0,0.14)\u00bb global_colors_info=\u00bb{}\u00bb][et_pb_column_inner saved_specialty_column_type=\u00bb2_3&#8243; _builder_version=\u00bb4.27.4&#8243; _module_preset=\u00bbdefault\u00bb global_colors_info=\u00bb{}\u00bb][et_pb_blurb title=\u00bbProyectos en ODS\u00bb icon_placement=\u00bbleft\u00bb content_max_width=\u00bb670px\u00bb _builder_version=\u00bb4.27.4&#8243; header_level=\u00bbh3&#8243; header_font=\u00bb|600|||||||\u00bb header_text_align=\u00bbleft\u00bb header_line_height=\u00bb1.4em\u00bb body_text_align=\u00bbleft\u00bb body_font_size=\u00bb16px\u00bb background_color=\u00bb#ffffff\u00bb text_orientation=\u00bbcenter\u00bb custom_margin=\u00bb||2.3%|||\u00bb custom_padding=\u00bb40px|20px|40px|20px\u00bb animation_style=\u00bbzoom\u00bb animation_intensity_zoom=\u00bb5%\u00bb border_radii=\u00bbon|4px|4px|4px|4px\u00bb border_width_top=\u00bb6px\u00bb border_color_top=\u00bb#2c5405&#8243; box_shadow_style=\u00bbpreset3&#8243; box_shadow_color=\u00bbrgba(34,56,101,0.12)\u00bb global_colors_info=\u00bb{}\u00bb]Asesoramiento sobre el nivel de cumplimiento de los distintos objetivos, elaboraci\u00f3n de memorias espec\u00edficas, comunicaci\u00f3n de los resultados a la sociedad y dise\u00f1o de planes de actuaci\u00f3n para mejorar los indicadores m\u00e1s relevantes.[\/et_pb_blurb][\/et_pb_column_inner][\/et_pb_row_inner][et_pb_row_inner _builder_version=\u00bb4.27.4&#8243; _module_preset=\u00bbdefault\u00bb custom_padding=\u00bb9px|||||\u00bb global_colors_info=\u00bb{}\u00bb][et_pb_column_inner saved_specialty_column_type=\u00bb2_3&#8243; _builder_version=\u00bb4.27.4&#8243; _module_preset=\u00bbdefault\u00bb global_colors_info=\u00bb{}\u00bb][et_pb_button button_text=\u00bbVer Plan\u00bb button_alignment=\u00bbcenter\u00bb _builder_version=\u00bb4.27.4&#8243; custom_button=\u00bbon\u00bb button_text_size=\u00bb13px\u00bb button_text_color=\u00bb#ffffff\u00bb button_bg_use_color_gradient=\u00bbon\u00bb button_bg_color_gradient_direction=\u00bb243deg\u00bb button_bg_color_gradient_stops=\u00bb#e09900 0%|#e02b20 100%\u00bb button_bg_color_gradient_start=\u00bb#3D72E7&#8243; button_bg_color_gradient_end=\u00bb#53a0fe\u00bb button_border_width=\u00bb0px\u00bb button_border_radius=\u00bb26px\u00bb button_letter_spacing=\u00bb1px\u00bb button_font=\u00bbNunito Sans|800||on|||||\u00bb button_use_icon=\u00bboff\u00bb custom_padding=\u00bb15px|30px|15px|30px\u00bb hover_enabled=\u00bb0&#8243; button_text_color_hover=\u00bb#ffffff\u00bb button_border_radius_hover=\u00bb26px\u00bb button_letter_spacing_hover=\u00bb1px\u00bb global_colors_info=\u00bb{}\u00bb button_text_size__hover_enabled=\u00bboff\u00bb button_one_text_size__hover_enabled=\u00bboff\u00bb button_two_text_size__hover_enabled=\u00bboff\u00bb button_text_color__hover_enabled=\u00bbon\u00bb button_text_color__hover=\u00bb#ffffff\u00bb button_one_text_color__hover_enabled=\u00bboff\u00bb button_two_text_color__hover_enabled=\u00bboff\u00bb button_border_width__hover_enabled=\u00bboff\u00bb button_one_border_width__hover_enabled=\u00bboff\u00bb button_two_border_width__hover_enabled=\u00bboff\u00bb button_border_color__hover_enabled=\u00bboff\u00bb button_one_border_color__hover_enabled=\u00bboff\u00bb button_two_border_color__hover_enabled=\u00bboff\u00bb button_border_radius__hover_enabled=\u00bbon\u00bb button_border_radius__hover=\u00bb26px\u00bb button_one_border_radius__hover_enabled=\u00bboff\u00bb button_two_border_radius__hover_enabled=\u00bboff\u00bb button_letter_spacing__hover_enabled=\u00bbon\u00bb button_letter_spacing__hover=\u00bb1px\u00bb button_one_letter_spacing__hover_enabled=\u00bboff\u00bb button_two_letter_spacing__hover_enabled=\u00bboff\u00bb button_bg_color__hover_enabled=\u00bboff\u00bb button_one_bg_color__hover_enabled=\u00bboff\u00bb button_two_bg_color__hover_enabled=\u00bboff\u00bb button_url=\u00bbhttps:\/\/somossosteniblescoop.com\/edicion2\/planes-de-ods-en-cooperativas-agroalimentarias\/\u00bb sticky_enabled=\u00bb0&#8243;][\/et_pb_button][\/et_pb_column_inner][\/et_pb_row_inner][\/et_pb_column][et_pb_column type=\u00bb1_3&#8243; _builder_version=\u00bb4.16&#8243; custom_padding=\u00bb|||\u00bb global_colors_info=\u00bb{}\u00bb custom_padding__hover=\u00bb|||\u00bb][et_pb_text _builder_version=\u00bb4.27.4&#8243; text_font_size=\u00bb18px\u00bb text_line_height=\u00bb1.8em\u00bb header_font=\u00bb||||||||\u00bb header_text_align=\u00bbleft\u00bb header_text_color=\u00bb#535b7c\u00bb header_font_size=\u00bb45px\u00bb header_line_height=\u00bb1.4em\u00bb header_2_font=\u00bb|700|||||||\u00bb header_2_font_size=\u00bb35px\u00bb header_2_line_height=\u00bb1.3em\u00bb text_orientation=\u00bbcenter\u00bb max_width=\u00bb700px\u00bb module_alignment=\u00bbcenter\u00bb global_colors_info=\u00bb{}\u00bb]<\/p>\n<h2>Metodolog\u00eda de trabajo<\/h2>\n<p>El plan de trabajo es com\u00fan a ambas \u00e1reas y se estructura en varias fases:[\/et_pb_text][et_pb_blurb title=\u00bbAn\u00e1lisis de necesidades\u00bb image=\u00bbhttps:\/\/somossosteniblescoop.com\/edicion2\/wp-content\/uploads\/2025\/09\/Paso-1.png\u00bb icon_placement=\u00bbleft\u00bb _builder_version=\u00bb4.27.4&#8243; _module_preset=\u00bbdefault\u00bb header_level=\u00bbh3&#8243; header_font=\u00bb|600|||||||\u00bb body_font_size=\u00bb16px\u00bb custom_padding=\u00bb|25px||25px|false|true\u00bb global_colors_info=\u00bb{}\u00bb]Diagn\u00f3stico inicial a partir de informaci\u00f3n propia de la cooperativa o de la continuidad de servicios iniciados en proyectos anteriores.[\/et_pb_blurb][et_pb_blurb title=\u00bbRecogida de informaci\u00f3n y adhesi\u00f3n\u00bb image=\u00bbhttps:\/\/somossosteniblescoop.com\/edicion2\/wp-content\/uploads\/2025\/09\/Paso-2.png\u00bb icon_placement=\u00bbleft\u00bb _builder_version=\u00bb4.27.4&#8243; _module_preset=\u00bbdefault\u00bb header_level=\u00bbh3&#8243; header_font=\u00bb|600|||||||\u00bb body_font_size=\u00bb16px\u00bb custom_padding=\u00bb|25px||25px|false|true\u00bb global_colors_info=\u00bb{}\u00bb]Firma de la carta de adhesi\u00f3n, recopilaci\u00f3n de documentaci\u00f3n y evidencias, presentaciones al equipo directivo, Consejo Rector y\/o Asamblea General.[\/et_pb_blurb][et_pb_blurb title=\u00bbTrabajo de gabinete\u00bb image=\u00bbhttps:\/\/somossosteniblescoop.com\/edicion2\/wp-content\/uploads\/2025\/09\/Paso-3.png\u00bb icon_placement=\u00bbleft\u00bb _builder_version=\u00bb4.27.4&#8243; _module_preset=\u00bbdefault\u00bb header_level=\u00bbh3&#8243; header_font=\u00bb|600|||||||\u00bb body_font_size=\u00bb16px\u00bb custom_padding=\u00bb|25px||25px|false|true\u00bb global_colors_info=\u00bb{}\u00bb]An\u00e1lisis de la informaci\u00f3n, elaboraci\u00f3n de diagn\u00f3sticos, planes y memorias, con reuniones presenciales, telef\u00f3nicas o virtuales para seguimiento.[\/et_pb_blurb][et_pb_blurb title=\u00bbPresentaci\u00f3n de resultados\u00bb image=\u00bbhttps:\/\/somossosteniblescoop.com\/edicion2\/wp-content\/uploads\/2025\/09\/Paso-4.png\u00bb icon_placement=\u00bbleft\u00bb _builder_version=\u00bb4.27.4&#8243; _module_preset=\u00bbdefault\u00bb header_level=\u00bbh3&#8243; header_font=\u00bb|600|||||||\u00bb body_font_size=\u00bb16px\u00bb custom_padding=\u00bb|25px||25px|false|true\u00bb global_colors_info=\u00bb{}\u00bb]Exposici\u00f3n al equipo directivo o a la Asamblea General y entrega de los documentos elaborados.[\/et_pb_blurb][et_pb_blurb title=\u00bbSeguimiento\u00bb image=\u00bbhttps:\/\/somossosteniblescoop.com\/edicion2\/wp-content\/uploads\/2025\/09\/Paso-5.png\u00bb icon_placement=\u00bbleft\u00bb _builder_version=\u00bb4.27.4&#8243; _module_preset=\u00bbdefault\u00bb header_level=\u00bbh3&#8243; header_font=\u00bb|600|||||||\u00bb body_font_size=\u00bb16px\u00bb custom_padding=\u00bb|25px||25px|false|true\u00bb global_colors_info=\u00bb{}\u00bb]Durante todo el proyecto, las cooperativas podr\u00e1n solicitar asesoramiento adicional o ajustes para garantizar la correcta implantaci\u00f3n de las medidas y la mejora de su competitividad.[\/et_pb_blurb][\/et_pb_column][\/et_pb_section]<\/p>\n","protected":false},"excerpt":{"rendered":"<p>\u00c1reas del proyecto El proyecto pone a disposici\u00f3n de las cooperativas y SAT de Castilla-La Mancha servicios de asesoramiento y asistencia t\u00e9cnica en \u00e1mbitos estrat\u00e9gicos para el desarrollo de la econom\u00eda social agroalimentaria. A partir de la experiencia de la Fundaci\u00f3n CooperActiva y del conocimiento de las fortalezas y debilidades del sector, se han definido [&hellip;]<\/p>\n","protected":false},"author":2,"featured_media":0,"parent":0,"menu_order":0,"comment_status":"closed","ping_status":"closed","template":"","meta":{"_et_pb_use_builder":"on","_et_pb_old_content":"","_et_gb_content_width":"","footnotes":""},"class_list":["post-160","page","type-page","status-publish","hentry"],"_links":{"self":[{"href":"https:\/\/somossosteniblescoop.com\/edicion2\/wp-json\/wp\/v2\/pages\/160","targetHints":{"allow":["GET"]}}],"collection":[{"href":"https:\/\/somossosteniblescoop.com\/edicion2\/wp-json\/wp\/v2\/pages"}],"about":[{"href":"https:\/\/somossosteniblescoop.com\/edicion2\/wp-json\/wp\/v2\/types\/page"}],"author":[{"embeddable":true,"href":"https:\/\/somossosteniblescoop.com\/edicion2\/wp-json\/wp\/v2\/users\/2"}],"replies":[{"embeddable":true,"href":"https:\/\/somossosteniblescoop.com\/edicion2\/wp-json\/wp\/v2\/comments?post=160"}],"version-history":[{"count":5,"href":"https:\/\/somossosteniblescoop.com\/edicion2\/wp-json\/wp\/v2\/pages\/160\/revisions"}],"predecessor-version":[{"id":246,"href":"https:\/\/somossosteniblescoop.com\/edicion2\/wp-json\/wp\/v2\/pages\/160\/revisions\/246"}],"wp:attachment":[{"href":"https:\/\/somossosteniblescoop.com\/edicion2\/wp-json\/wp\/v2\/media?parent=160"}],"curies":[{"name":"wp","href":"https:\/\/api.w.org\/{rel}","templated":true}]}}