{"id":115,"date":"2025-09-24T09:24:35","date_gmt":"2025-09-24T07:24:35","guid":{"rendered":"https:\/\/somossosteniblescoop.com\/edicion2\/?page_id=115"},"modified":"2025-09-24T12:18:57","modified_gmt":"2025-09-24T10:18:57","slug":"equipo","status":"publish","type":"page","link":"https:\/\/somossosteniblescoop.com\/edicion2\/equipo\/","title":{"rendered":"Equipo"},"content":{"rendered":"<p>[et_pb_section fb_built=\u00bb1&#8243; admin_label=\u00bbHeader\u00bb _builder_version=\u00bb4.27.4&#8243; background_color=\u00bbrgba(0,0,0,0.04)\u00bb background_image=\u00bbhttps:\/\/somossosteniblescoop.com\/edicion2\/wp-content\/uploads\/2025\/09\/fONDO1.png\u00bb background_size=\u00bbcontain\u00bb background_position=\u00bbbottom_left\u00bb custom_padding=\u00bb2.7%|0px|4.1%|0px||\u00bb animation_style=\u00bbzoom\u00bb animation_direction=\u00bbbottom\u00bb animation_intensity_zoom=\u00bb8%\u00bb animation_starting_opacity=\u00bb100%\u00bb global_colors_info=\u00bb{}\u00bb][et_pb_row _builder_version=\u00bb4.16&#8243; custom_margin=\u00bb-3px|auto||auto||\u00bb global_colors_info=\u00bb{}\u00bb][et_pb_column type=\u00bb4_4&#8243; _builder_version=\u00bb4.16&#8243; custom_padding=\u00bb|||\u00bb global_colors_info=\u00bb{}\u00bb custom_padding__hover=\u00bb|||\u00bb][et_pb_text _builder_version=\u00bb4.27.4&#8243; text_font=\u00bb||||||||\u00bb text_text_color=\u00bb#3a3a3a\u00bb text_font_size=\u00bb16px\u00bb text_line_height=\u00bb1.8em\u00bb header_font=\u00bb|700|||||||\u00bb header_text_color=\u00bb#2d2d2d\u00bb header_font_size=\u00bb45px\u00bb header_line_height=\u00bb1.3em\u00bb header_2_font=\u00bb||||||||\u00bb text_orientation=\u00bbcenter\u00bb background_layout=\u00bbdark\u00bb max_width=\u00bb700px\u00bb module_alignment=\u00bbcenter\u00bb global_colors_info=\u00bb{}\u00bb]<\/p>\n<h1>Equipo<\/h1>\n<p>Equipo t\u00e9cnico que llevar\u00e1 a cabo las actuaciones del proyecto realizando las tareas de formaci\u00f3n, asesoramientos y asistencia t\u00e9cnica a las cooperativas, adem\u00e1s de coordinar las actividades y justificaciones correspondientes.<\/p>\n<p>[\/et_pb_text][\/et_pb_column][\/et_pb_row][\/et_pb_section][et_pb_section fb_built=\u00bb1&#8243; admin_label=\u00bbPerks &#038; Benefits\u00bb _builder_version=\u00bb4.27.4&#8243; background_color=\u00bbrgba(0,0,0,0)\u00bb custom_padding=\u00bb100px|0px|100px|0px\u00bb global_colors_info=\u00bb{}\u00bb][et_pb_row column_structure=\u00bb1_2,1_2&#8243; use_custom_gutter=\u00bbon\u00bb gutter_width=\u00bb2&#8243; admin_label=\u00bbFeatures Row\u00bb _builder_version=\u00bb4.16&#8243; custom_padding=\u00bb0.75%||0.75%|\u00bb global_colors_info=\u00bb{}\u00bb][et_pb_column type=\u00bb1_2&#8243; _builder_version=\u00bb4.16&#8243; background_color_gradient_direction=\u00bb243deg\u00bb background_color_gradient_start=\u00bb#3D72E7&#8243; background_color_gradient_end=\u00bb#53a0fe\u00bb custom_padding=\u00bb|||\u00bb global_colors_info=\u00bb{}\u00bb custom_padding__hover=\u00bb|||\u00bb][et_pb_blurb title=\u00bbArantxa M\u00ednguez\u00bb image=\u00bbhttps:\/\/somossosteniblescoop.com\/edicion2\/wp-content\/uploads\/2025\/09\/Arantxa.png\u00bb image_icon_width=\u00bb200px\u00bb _builder_version=\u00bb4.27.4&#8243; header_level=\u00bbh3&#8243; header_font=\u00bb|600|||||||\u00bb header_font_size=\u00bb20px\u00bb header_line_height=\u00bb1.4em\u00bb body_font=\u00bbNunito Sans||||||||\u00bb body_font_size=\u00bb16px\u00bb background_color=\u00bbrgba(0,0,0,0.04)\u00bb text_orientation=\u00bbcenter\u00bb custom_margin=\u00bb|||\u00bb custom_padding=\u00bb40px|40px|40px|40px\u00bb animation_style=\u00bbzoom\u00bb animation_intensity_zoom=\u00bb5%\u00bb border_radii=\u00bbon|4px|4px|4px|4px\u00bb border_color_all=\u00bb#ba35ea\u00bb border_width_top=\u00bb6px\u00bb box_shadow_style=\u00bbpreset3&#8243; box_shadow_color=\u00bbrgba(34,56,101,0.12)\u00bb icon_font_size=\u00bb32px\u00bb global_colors_info=\u00bb{}\u00bb]<\/p>\n<p>T\u00e9cnica de igualdad<\/p>\n<p><b><a href=\"mailto:aminguez@agroalimentariasclm.coop\">aminguez@agroalimentariasclm.coop<\/a><\/b><\/p>\n<p>[\/et_pb_blurb][\/et_pb_column][et_pb_column type=\u00bb1_2&#8243; _builder_version=\u00bb4.16&#8243; background_color_gradient_direction=\u00bb243deg\u00bb background_color_gradient_start=\u00bb#3D72E7&#8243; background_color_gradient_end=\u00bb#53a0fe\u00bb custom_padding=\u00bb|||\u00bb global_colors_info=\u00bb{}\u00bb custom_padding__hover=\u00bb|||\u00bb][et_pb_blurb title=\u00bbAlicia P\u00e9rez\u00bb image=\u00bbhttps:\/\/somossosteniblescoop.com\/edicion2\/wp-content\/uploads\/2025\/09\/Alicia.png\u00bb image_icon_width=\u00bb200px\u00bb _builder_version=\u00bb4.27.4&#8243; header_level=\u00bbh3&#8243; header_font=\u00bb|600|||||||\u00bb header_font_size=\u00bb20px\u00bb header_line_height=\u00bb1.4em\u00bb body_font=\u00bbNunito Sans||||||||\u00bb body_font_size=\u00bb16px\u00bb background_color=\u00bbrgba(0,0,0,0.04)\u00bb text_orientation=\u00bbcenter\u00bb custom_margin=\u00bb|||\u00bb custom_padding=\u00bb40px|40px|40px|40px\u00bb animation_style=\u00bbzoom\u00bb animation_intensity_zoom=\u00bb5%\u00bb border_radii=\u00bbon|4px|4px|4px|4px\u00bb border_color_all=\u00bb#ba35ea\u00bb border_width_top=\u00bb6px\u00bb box_shadow_style=\u00bbpreset3&#8243; box_shadow_color=\u00bbrgba(34,56,101,0.12)\u00bb icon_font_size=\u00bb32px\u00bb global_colors_info=\u00bb{}\u00bb]T\u00e9cnica de igualdad<\/p>\n<p><b><a href=\"mailto:aperez@agroalimentariasclm.coop\">aperez@agroalimentariasclm.coop<\/a><\/b>[\/et_pb_blurb][\/et_pb_column][\/et_pb_row][et_pb_row column_structure=\u00bb1_2,1_2&#8243; use_custom_gutter=\u00bbon\u00bb gutter_width=\u00bb2&#8243; admin_label=\u00bbFeatures Row\u00bb _builder_version=\u00bb4.16&#8243; custom_padding=\u00bb0.75%||0.75%|\u00bb global_colors_info=\u00bb{}\u00bb][et_pb_column type=\u00bb1_2&#8243; _builder_version=\u00bb4.16&#8243; background_color_gradient_direction=\u00bb243deg\u00bb background_color_gradient_start=\u00bb#3D72E7&#8243; background_color_gradient_end=\u00bb#53a0fe\u00bb custom_padding=\u00bb|||\u00bb global_colors_info=\u00bb{}\u00bb custom_padding__hover=\u00bb|||\u00bb][et_pb_blurb title=\u00bbTom\u00e1s Merino\u00bb image=\u00bbhttps:\/\/somossosteniblescoop.com\/edicion2\/wp-content\/uploads\/2025\/09\/Tomas.png\u00bb image_icon_width=\u00bb200px\u00bb _builder_version=\u00bb4.27.4&#8243; header_level=\u00bbh3&#8243; header_font=\u00bb|600|||||||\u00bb header_font_size=\u00bb20px\u00bb header_line_height=\u00bb1.4em\u00bb body_font=\u00bbNunito Sans||||||||\u00bb body_font_size=\u00bb16px\u00bb background_color=\u00bbrgba(0,0,0,0.04)\u00bb text_orientation=\u00bbcenter\u00bb custom_margin=\u00bb|||\u00bb custom_padding=\u00bb40px|40px|40px|40px\u00bb animation_style=\u00bbzoom\u00bb animation_intensity_zoom=\u00bb5%\u00bb border_radii=\u00bbon|4px|4px|4px|4px\u00bb border_color_all=\u00bb#bd00f2&#8243; border_width_top=\u00bb6px\u00bb border_color_top=\u00bb#0db2db\u00bb box_shadow_style=\u00bbpreset3&#8243; box_shadow_color=\u00bbrgba(34,56,101,0.12)\u00bb icon_font_size=\u00bb32px\u00bb global_colors_info=\u00bb{}\u00bb]<\/p>\n<p>T\u00e9cnico Responsabilidad Social y ODS<\/p>\n<p><b><a href=\"mailto:tmerino@agroalimentariasclm.coop\">tmerino@agroalimentariasclm.coop<\/a><\/b><\/p>\n<p>[\/et_pb_blurb][\/et_pb_column][et_pb_column type=\u00bb1_2&#8243; _builder_version=\u00bb4.16&#8243; background_color_gradient_direction=\u00bb243deg\u00bb background_color_gradient_start=\u00bb#3D72E7&#8243; background_color_gradient_end=\u00bb#53a0fe\u00bb custom_padding=\u00bb|||\u00bb global_colors_info=\u00bb{}\u00bb custom_padding__hover=\u00bb|||\u00bb][et_pb_blurb title=\u00bbJaime Torres\u00bb image=\u00bbhttps:\/\/somossosteniblescoop.com\/edicion2\/wp-content\/uploads\/2025\/09\/Jaime.png\u00bb image_icon_width=\u00bb200px\u00bb _builder_version=\u00bb4.27.4&#8243; header_level=\u00bbh3&#8243; header_font=\u00bb|600|||||||\u00bb header_font_size=\u00bb20px\u00bb header_line_height=\u00bb1.4em\u00bb body_font=\u00bbNunito Sans||||||||\u00bb body_font_size=\u00bb16px\u00bb background_color=\u00bbrgba(0,0,0,0.04)\u00bb text_orientation=\u00bbcenter\u00bb custom_margin=\u00bb|||\u00bb custom_padding=\u00bb40px|40px|40px|40px\u00bb animation_style=\u00bbzoom\u00bb animation_intensity_zoom=\u00bb5%\u00bb border_radii=\u00bbon|4px|4px|4px|4px\u00bb border_color_all=\u00bb#bd00f2&#8243; border_width_top=\u00bb6px\u00bb border_color_top=\u00bb#0db2db\u00bb box_shadow_style=\u00bbpreset3&#8243; box_shadow_color=\u00bbrgba(34,56,101,0.12)\u00bb icon_font_size=\u00bb32px\u00bb global_colors_info=\u00bb{}\u00bb]T\u00e9cnico Responsabilidad Social y Valor social<\/p>\n<p><b><a href=\"mailto:jtorres@agroalimentariasclm.coop\">jtorres@agroalimentariasclm.coop<\/a><\/b>[\/et_pb_blurb][\/et_pb_column][\/et_pb_row][et_pb_row column_structure=\u00bb1_2,1_2&#8243; use_custom_gutter=\u00bbon\u00bb gutter_width=\u00bb2&#8243; admin_label=\u00bbFeatures Row\u00bb _builder_version=\u00bb4.16&#8243; custom_padding=\u00bb0.75%||0.75%|\u00bb global_colors_info=\u00bb{}\u00bb][et_pb_column type=\u00bb1_2&#8243; _builder_version=\u00bb4.16&#8243; background_color_gradient_direction=\u00bb243deg\u00bb background_color_gradient_start=\u00bb#3D72E7&#8243; background_color_gradient_end=\u00bb#53a0fe\u00bb custom_padding=\u00bb|||\u00bb global_colors_info=\u00bb{}\u00bb custom_padding__hover=\u00bb|||\u00bb][et_pb_blurb title=\u00bbCristina Cort\u00e9s\u00bb image=\u00bbhttps:\/\/somossosteniblescoop.com\/edicion2\/wp-content\/uploads\/2025\/09\/Cristina.png\u00bb image_icon_width=\u00bb200px\u00bb _builder_version=\u00bb4.27.4&#8243; header_level=\u00bbh3&#8243; header_font=\u00bb|600|||||||\u00bb header_font_size=\u00bb20px\u00bb header_line_height=\u00bb1.4em\u00bb body_font=\u00bbNunito Sans||||||||\u00bb body_font_size=\u00bb16px\u00bb background_color=\u00bbrgba(0,0,0,0.04)\u00bb text_orientation=\u00bbcenter\u00bb custom_margin=\u00bb|||\u00bb custom_padding=\u00bb40px|40px|40px|40px\u00bb animation_style=\u00bbzoom\u00bb animation_intensity_zoom=\u00bb5%\u00bb border_radii=\u00bbon|4px|4px|4px|4px\u00bb border_color_all=\u00bb#bd00f2&#8243; border_width_top=\u00bb6px\u00bb border_color_top=\u00bb#c9ed28&#8243; box_shadow_style=\u00bbpreset3&#8243; box_shadow_color=\u00bbrgba(34,56,101,0.12)\u00bb icon_font_size=\u00bb32px\u00bb global_colors_info=\u00bb{}\u00bb]Justificaci\u00f3n y Coordinaci\u00f3n de proyecto<\/p>\n<p><b><a href=\"mailto:ccortes@agroalimentariasclm.coop\">ccortes@agroalimentariasclm.coop<\/a><\/b>[\/et_pb_blurb][\/et_pb_column][et_pb_column type=\u00bb1_2&#8243; _builder_version=\u00bb4.16&#8243; background_color_gradient_direction=\u00bb243deg\u00bb background_color_gradient_start=\u00bb#3D72E7&#8243; background_color_gradient_end=\u00bb#53a0fe\u00bb custom_padding=\u00bb|||\u00bb global_colors_info=\u00bb{}\u00bb custom_padding__hover=\u00bb|||\u00bb][et_pb_blurb title=\u00bbSergio Hurtado\u00bb image=\u00bbhttps:\/\/somossosteniblescoop.com\/edicion2\/wp-content\/uploads\/2025\/09\/Sergio.png\u00bb image_icon_width=\u00bb200px\u00bb _builder_version=\u00bb4.27.4&#8243; header_level=\u00bbh3&#8243; header_font=\u00bb|600|||||||\u00bb header_font_size=\u00bb20px\u00bb header_line_height=\u00bb1.4em\u00bb body_font=\u00bbNunito Sans||||||||\u00bb body_font_size=\u00bb16px\u00bb background_color=\u00bbrgba(0,0,0,0.04)\u00bb text_orientation=\u00bbcenter\u00bb custom_margin=\u00bb|||\u00bb custom_padding=\u00bb40px|40px|40px|40px\u00bb animation_style=\u00bbzoom\u00bb animation_intensity_zoom=\u00bb5%\u00bb border_radii=\u00bbon|4px|4px|4px|4px\u00bb border_color_all=\u00bb#bd00f2&#8243; border_width_top=\u00bb6px\u00bb border_color_top=\u00bb#c9ed28&#8243; box_shadow_style=\u00bbpreset3&#8243; box_shadow_color=\u00bbrgba(34,56,101,0.12)\u00bb icon_font_size=\u00bb32px\u00bb global_colors_info=\u00bb{}\u00bb]Justificaci\u00f3n y Coordinaci\u00f3n de proyecto<\/p>\n<p><b><a href=\"mailto:shurtado@agroalimentariasclm.coop\">shurtado@agroalimentariasclm.coop<\/a><\/b>[\/et_pb_blurb][\/et_pb_column][\/et_pb_row][\/et_pb_section]<\/p>\n","protected":false},"excerpt":{"rendered":"<p>Equipo Equipo t\u00e9cnico que llevar\u00e1 a cabo las actuaciones del proyecto realizando las tareas de formaci\u00f3n, asesoramientos y asistencia t\u00e9cnica a las cooperativas, adem\u00e1s de coordinar las actividades y justificaciones correspondientes.T\u00e9cnica de igualdad aminguez@agroalimentariasclm.coopT\u00e9cnica de igualdad aperez@agroalimentariasclm.coopT\u00e9cnico Responsabilidad Social y ODS tmerino@agroalimentariasclm.coopT\u00e9cnico Responsabilidad Social y Valor social jtorres@agroalimentariasclm.coopJustificaci\u00f3n y Coordinaci\u00f3n de proyecto ccortes@agroalimentariasclm.coopJustificaci\u00f3n y Coordinaci\u00f3n [&hellip;]<\/p>\n","protected":false},"author":2,"featured_media":0,"parent":0,"menu_order":0,"comment_status":"closed","ping_status":"closed","template":"","meta":{"_et_pb_use_builder":"on","_et_pb_old_content":"","_et_gb_content_width":"","footnotes":""},"class_list":["post-115","page","type-page","status-publish","hentry"],"_links":{"self":[{"href":"https:\/\/somossosteniblescoop.com\/edicion2\/wp-json\/wp\/v2\/pages\/115","targetHints":{"allow":["GET"]}}],"collection":[{"href":"https:\/\/somossosteniblescoop.com\/edicion2\/wp-json\/wp\/v2\/pages"}],"about":[{"href":"https:\/\/somossosteniblescoop.com\/edicion2\/wp-json\/wp\/v2\/types\/page"}],"author":[{"embeddable":true,"href":"https:\/\/somossosteniblescoop.com\/edicion2\/wp-json\/wp\/v2\/users\/2"}],"replies":[{"embeddable":true,"href":"https:\/\/somossosteniblescoop.com\/edicion2\/wp-json\/wp\/v2\/comments?post=115"}],"version-history":[{"count":5,"href":"https:\/\/somossosteniblescoop.com\/edicion2\/wp-json\/wp\/v2\/pages\/115\/revisions"}],"predecessor-version":[{"id":172,"href":"https:\/\/somossosteniblescoop.com\/edicion2\/wp-json\/wp\/v2\/pages\/115\/revisions\/172"}],"wp:attachment":[{"href":"https:\/\/somossosteniblescoop.com\/edicion2\/wp-json\/wp\/v2\/media?parent=115"}],"curies":[{"name":"wp","href":"https:\/\/api.w.org\/{rel}","templated":true}]}}